{"id":87,"date":"2023-11-06T10:01:51","date_gmt":"2023-11-06T07:01:51","guid":{"rendered":"https:\/\/karmasoft.com.tr\/corporate\/"},"modified":"2026-01-12T12:25:55","modified_gmt":"2026-01-12T09:25:55","slug":"front-page","status":"publish","type":"page","link":"https:\/\/www.karmasoft.com.tr\/tr\/","title":{"rendered":"Ana Sayfa"},"content":{"rendered":"<div data-elementor-type=\"wp-page\" data-elementor-id=\"87\" class=\"elementor elementor-87\" data-elementor-post-type=\"page\">\n\t\t\t\t<div class=\"elementor-element elementor-element-94e8d75 e-flex e-con-boxed e-con e-parent\" data-id=\"94e8d75\" data-element_type=\"container\" data-e-type=\"container\" data-settings=\"{&quot;background_background&quot;:&quot;video&quot;,&quot;background_video_link&quot;:&quot;\\\/wp-content\\\/uploads\\\/2025\\\/10\\\/karmasoft-software-and-consultancy-hero-clip.mp4&quot;,&quot;background_play_on_mobile&quot;:&quot;yes&quot;}\">\n\t\t\t\t\t<div class=\"e-con-inner\">\n\t\t<div class=\"elementor-background-video-container\">\n\t\t\t\t\t\t\t<video class=\"elementor-background-video-hosted\" role=\"presentation\" autoplay muted playsinline loop><\/video>\n\t\t\t\t\t<\/div>\t\t<div class=\"elementor-element elementor-element-6cddd5a elementor-hidden-mobile elementor-widget elementor-widget-heading\" data-id=\"6cddd5a\" data-element_type=\"widget\" data-e-type=\"widget\" data-widget_type=\"heading.default\">\n\t\t\t\t\t<h1 class=\"elementor-heading-title elementor-size-default\"><a href=\"https:\/\/www.karmasoft.com.tr\/tr\/who-we-are\/\" target=\"_blank\">Verinin G\u00fcc\u00fcn\u00fc \u00d6nemsiyoruz<\/a><\/h1>\t\t\t\t<\/div>\n\t\t\t\t<div class=\"elementor-element elementor-element-d47d8c2 elementor-hidden-desktop elementor-hidden-tablet elementor-widget elementor-widget-heading\" data-id=\"d47d8c2\" data-element_type=\"widget\" data-e-type=\"widget\" data-widget_type=\"heading.default\">\n\t\t\t\t\t<h1 class=\"elementor-heading-title elementor-size-default translation-block\">Verinin G\u00fcc\u00fcn\u00fc \u00d6nemsiyoruz<\/h1>\t\t\t\t<\/div>\n\t\t\t\t<div class=\"elementor-element elementor-element-0ab8e3a elementor-widget__width-initial elementor-hidden-mobile elementor-widget elementor-widget-text-editor\" data-id=\"0ab8e3a\" data-element_type=\"widget\" data-e-type=\"widget\" data-widget_type=\"text-editor.default\">\n\t\t\t\t\t\t\t\t\t<p class=\"translation-block\">2016 y\u0131l\u0131ndan bu yana, enerji, petrol ve gaz, madencilik, kimya ve ila\u00e7 sekt\u00f6rlerinde geli\u015fen teknolojik ihtiya\u00e7lara yan\u0131t vermek i\u00e7in verinin g\u00fcc\u00fcn\u00fc kullanmak isteyen i\u015fletmelerle \u00e7al\u0131\u015farak \u00e7ok say\u0131da u\u00e7tan uca yaz\u0131l\u0131m projesini ba\u015far\u0131yla tamamlad\u0131k.<\/p>\t\t\t\t\t\t\t\t<\/div>\n\t\t\t\t<div class=\"elementor-element elementor-element-6f51da5 elementor-widget__width-initial elementor-hidden-desktop elementor-hidden-tablet elementor-widget elementor-widget-text-editor\" data-id=\"6f51da5\" data-element_type=\"widget\" data-e-type=\"widget\" data-widget_type=\"text-editor.default\">\n\t\t\t\t\t\t\t\t\t<p class=\"translation-block\">2016 y\u0131l\u0131ndan bu yana, enerji, petrol ve gaz, madencilik, kimya ve ila\u00e7 sekt\u00f6rlerinde geli\u015fen teknolojik ihtiya\u00e7lara yan\u0131t vermek i\u00e7in verinin g\u00fcc\u00fcn\u00fc kullanmak isteyen i\u015fletmelerle \u00e7al\u0131\u015farak \u00e7ok say\u0131da u\u00e7tan uca yaz\u0131l\u0131m projesini ba\u015far\u0131yla tamamlad\u0131k.<\/p>\t\t\t\t\t\t\t\t<\/div>\n\t\t\t\t\t<\/div>\n\t\t\t\t<\/div>\n\t\t<div class=\"elementor-element elementor-element-56ba114 e-flex e-con-boxed e-con e-parent\" data-id=\"56ba114\" data-element_type=\"container\" data-e-type=\"container\">\n\t\t\t\t\t<div class=\"e-con-inner\">\n\t\t<div class=\"elementor-element elementor-element-8089856 e-con-full e-flex elementor-invisible e-con e-child\" data-id=\"8089856\" data-element_type=\"container\" data-e-type=\"container\" data-settings=\"{&quot;animation&quot;:&quot;fadeIn&quot;}\">\n\t\t<div class=\"elementor-element elementor-element-611dd6a e-con-full e-flex e-con e-child\" data-id=\"611dd6a\" data-element_type=\"container\" data-e-type=\"container\">\n\t\t\t\t<div class=\"elementor-element elementor-element-7fb6533 elementor-widget elementor-widget-image\" data-id=\"7fb6533\" data-element_type=\"widget\" data-e-type=\"widget\" data-settings=\"{&quot;_animation_mobile&quot;:&quot;fadeIn&quot;}\" data-widget_type=\"image.default\">\n\t\t\t\t\t\t\t\t\t\t\t\t\t\t\t<img fetchpriority=\"high\" decoding=\"async\" width=\"1280\" height=\"720\" src=\"https:\/\/www.karmasoft.com.tr\/wp-content\/uploads\/2025\/12\/karma-software-and-consultancy-aveva-presentation-assets-05-min.webp\" class=\"attachment-full size-full wp-image-6386\" alt=\"\" srcset=\"https:\/\/www.karmasoft.com.tr\/wp-content\/uploads\/2025\/12\/karma-software-and-consultancy-aveva-presentation-assets-05-min.webp 1280w, https:\/\/www.karmasoft.com.tr\/wp-content\/uploads\/2025\/12\/karma-software-and-consultancy-aveva-presentation-assets-05-min-300x169.webp 300w, https:\/\/www.karmasoft.com.tr\/wp-content\/uploads\/2025\/12\/karma-software-and-consultancy-aveva-presentation-assets-05-min-1024x576.webp 1024w, https:\/\/www.karmasoft.com.tr\/wp-content\/uploads\/2025\/12\/karma-software-and-consultancy-aveva-presentation-assets-05-min-768x432.webp 768w, https:\/\/www.karmasoft.com.tr\/wp-content\/uploads\/2025\/12\/karma-software-and-consultancy-aveva-presentation-assets-05-min-18x10.webp 18w\" sizes=\"(max-width: 1280px) 100vw, 1280px\" \/>\t\t\t\t\t\t\t\t\t\t\t\t\t\t\t<\/div>\n\t\t<div class=\"elementor-element elementor-element-38b0a2a e-con-full e-transform e-flex e-con e-child\" data-id=\"38b0a2a\" data-element_type=\"container\" data-e-type=\"container\" data-settings=\"{&quot;background_background&quot;:&quot;classic&quot;,&quot;_transform_translateX_effect&quot;:{&quot;unit&quot;:&quot;px&quot;,&quot;size&quot;:30,&quot;sizes&quot;:[]},&quot;_transform_translateX_effect_tablet&quot;:{&quot;unit&quot;:&quot;px&quot;,&quot;size&quot;:0,&quot;sizes&quot;:[]},&quot;_transform_translateX_effect_mobile&quot;:{&quot;unit&quot;:&quot;px&quot;,&quot;size&quot;:0,&quot;sizes&quot;:[]},&quot;_transform_translateY_effect&quot;:{&quot;unit&quot;:&quot;px&quot;,&quot;size&quot;:&quot;&quot;,&quot;sizes&quot;:[]},&quot;_transform_translateY_effect_tablet&quot;:{&quot;unit&quot;:&quot;px&quot;,&quot;size&quot;:&quot;&quot;,&quot;sizes&quot;:[]},&quot;_transform_translateY_effect_mobile&quot;:{&quot;unit&quot;:&quot;px&quot;,&quot;size&quot;:&quot;&quot;,&quot;sizes&quot;:[]}}\">\n\t\t<div class=\"elementor-element elementor-element-f1a84be e-con-full e-flex e-con e-child\" data-id=\"f1a84be\" data-element_type=\"container\" data-e-type=\"container\" data-settings=\"{&quot;background_background&quot;:&quot;classic&quot;}\">\n\t\t\t\t<div class=\"elementor-element elementor-element-a5915ed elementor-widget elementor-widget-image\" data-id=\"a5915ed\" data-element_type=\"widget\" data-e-type=\"widget\" data-widget_type=\"image.default\">\n\t\t\t\t\t\t\t\t\t\t\t\t\t\t\t<img decoding=\"async\" width=\"500\" height=\"500\" src=\"https:\/\/www.karmasoft.com.tr\/wp-content\/uploads\/2025\/08\/karma-software-and-consultancy-fav-icon-rgb.png\" class=\"attachment-full size-full wp-image-5606\" alt=\"\" srcset=\"https:\/\/www.karmasoft.com.tr\/wp-content\/uploads\/2025\/08\/karma-software-and-consultancy-fav-icon-rgb.png 500w, https:\/\/www.karmasoft.com.tr\/wp-content\/uploads\/2025\/08\/karma-software-and-consultancy-fav-icon-rgb-300x300.png 300w, https:\/\/www.karmasoft.com.tr\/wp-content\/uploads\/2025\/08\/karma-software-and-consultancy-fav-icon-rgb-150x150.png 150w\" sizes=\"(max-width: 500px) 100vw, 500px\" \/>\t\t\t\t\t\t\t\t\t\t\t\t\t\t\t<\/div>\n\t\t\t\t<\/div>\n\t\t\t\t<div class=\"elementor-element elementor-element-1c2dc29 elementor-widget elementor-widget-counter\" data-id=\"1c2dc29\" data-element_type=\"widget\" data-e-type=\"widget\" data-widget_type=\"counter.default\">\n\t\t\t\t\t\t\t<div class=\"elementor-counter\">\n\t\t\t<div class=\"elementor-counter-title\">Tesislerde tamamlanan proje<\/div>\t\t\t<div class=\"elementor-counter-number-wrapper\">\n\t\t\t\t<span class=\"elementor-counter-number-prefix\"><\/span>\n\t\t\t\t<span class=\"elementor-counter-number\" data-duration=\"1000\" data-to-value=\"30\" data-from-value=\"5\" data-delimiter=\",\">5<\/span>\n\t\t\t\t<span class=\"elementor-counter-number-suffix\">+<\/span>\n\t\t\t<\/div>\n\t\t<\/div>\n\t\t\t\t\t\t<\/div>\n\t\t\t\t<\/div>\n\t\t\t\t<\/div>\n\t\t<div class=\"elementor-element elementor-element-f3073dd e-con-full e-flex e-con e-child\" data-id=\"f3073dd\" data-element_type=\"container\" data-e-type=\"container\">\n\t\t\t\t<div class=\"elementor-element elementor-element-10dd2c1 elementor-widget elementor-widget-text-editor\" data-id=\"10dd2c1\" data-element_type=\"widget\" data-e-type=\"widget\" data-widget_type=\"text-editor.default\">\n\t\t\t\t\t\t\t\t\t<p>M\u00fc\u015fterilerimize ba\u015fta OSIsoft olmak \u00fczere, end\u00fcstriyel yaz\u0131l\u0131m tedarik\u00e7ilerinin \u00e7\u00f6z\u00fcmlerini, m\u00fc\u015fteri gereksinimlerine uygun olarak terzi i\u015fi hizmetler olarak sunduk. De\u011fer katmak s\u00f6z konusu oldu\u011funda, m\u00fc\u015fterilerimizin varl\u0131klar\u0131na \u00f6ncelik verdik ve dijital \u00e7\u00f6z\u00fcmler konusundaki bilgimizi kulland\u0131k.<\/p><p class=\"translation-block\"><strong>AVEVA<\/strong> ile ortakl\u0131k kurdu\u011fumuz i\u00e7in art\u0131k daha g\u00fc\u00e7l\u00fc bir konumday\u0131z. M\u00fc\u015fterilerimize, s\u00fcrd\u00fcr\u00fclebilir b\u00fcy\u00fcme sa\u011flama, enerji verimlili\u011fini art\u0131rma ve \u00fcretim maliyetlerini d\u00fc\u015f\u00fcrerek operasyonel verimlili\u011fi hedefleme gibi belirli kullan\u0131m senaryolar\u0131nda yard\u0131mc\u0131 olmaya devam ediyoruz.<\/p>\t\t\t\t\t\t\t\t<\/div>\n\t\t\t\t<\/div>\n\t\t\t\t<\/div>\n\t\t<div class=\"elementor-element elementor-element-0719c6a e-con-full e-flex e-con e-child\" data-id=\"0719c6a\" data-element_type=\"container\" data-e-type=\"container\">\n\t\t<div class=\"elementor-element elementor-element-daeb97f e-con-full e-flex e-con e-child\" data-id=\"daeb97f\" data-element_type=\"container\" data-e-type=\"container\" data-settings=\"{&quot;background_background&quot;:&quot;gradient&quot;}\">\n\t\t\t\t<div class=\"elementor-element elementor-element-d348781 elementor-view-default elementor-position-block-start elementor-mobile-position-block-start elementor-widget elementor-widget-icon-box\" data-id=\"d348781\" data-element_type=\"widget\" data-e-type=\"widget\" data-widget_type=\"icon-box.default\">\n\t\t\t\t\t\t\t<div class=\"elementor-icon-box-wrapper\">\n\n\t\t\t\t\t\t<div class=\"elementor-icon-box-icon\">\n\t\t\t\t<a href=\"\/tr\/what-we-do\/#design\" class=\"elementor-icon\" tabindex=\"-1\" aria-label=\"Dizayn\">\n\t\t\t\t<svg xmlns=\"http:\/\/www.w3.org\/2000\/svg\" id=\"Layer_1\" data-name=\"Layer 1\" viewbox=\"0 0 24 24\" width=\"512\" height=\"512\"><path d=\"M22,17h-.5v-1.5c0-2.48-2.02-4.5-4.5-4.5h-4.5V7h.5c1.1,0,2-.9,2-2V3c0-1.1-.9-2-2-2h-2c-1.1,0-2,.9-2,2v2c0,1.1,.9,2,2,2h.5v4H7c-2.48,0-4.5,2.02-4.5,4.5v1.5h-.5c-1.1,0-2,.9-2,2v2c0,1.1,.9,2,2,2h2c1.1,0,2-.9,2-2v-2c0-1.1-.9-2-2-2h-.5v-1.5c0-1.93,1.57-3.5,3.5-3.5h4.5v5h-.5c-1.1,0-2,.9-2,2v2c0,1.1,.9,2,2,2h2c1.1,0,2-.9,2-2v-2c0-1.1-.9-2-2-2h-.5v-5h4.5c1.93,0,3.5,1.57,3.5,3.5v1.5h-.5c-1.1,0-2,.9-2,2v2c0,1.1,.9,2,2,2h2c1.1,0,2-.9,2-2v-2c0-1.1-.9-2-2-2ZM10,5V3c0-.55,.45-1,1-1h2c.55,0,1,.45,1,1v2c0,.55-.45,1-1,1h-2c-.55,0-1-.45-1-1Zm-5,14v2c0,.55-.45,1-1,1H2c-.55,0-1-.45-1-1v-2c0-.55,.45-1,1-1h2c.55,0,1,.45,1,1Zm9,0v2c0,.55-.45,1-1,1h-2c-.55,0-1-.45-1-1v-2c0-.55,.45-1,1-1h2c.55,0,1,.45,1,1Zm9,2c0,.55-.45,1-1,1h-2c-.55,0-1-.45-1-1v-2c0-.55,.45-1,1-1h2c.55,0,1,.45,1,1v2Z\"><\/path><\/svg>\t\t\t\t<\/a>\n\t\t\t<\/div>\n\t\t\t\n\t\t\t\t\t\t<div class=\"elementor-icon-box-content\">\n\n\t\t\t\t\t\t\t\t\t<h3 class=\"elementor-icon-box-title\">\n\t\t\t\t\t\t<a href=\"\/tr\/what-we-do\/#design\" >\n\t\t\t\t\t\t\tDizayn\t\t\t\t\t\t<\/a>\n\t\t\t\t\t<\/h3>\n\t\t\t\t\n\t\t\t\t\t\t\t\t\t<p class=\"elementor-icon-box-description translation-block\">Bir firman\u0131n <strong> \u00fcretim a\u011f\u0131<\/strong>  y\u00f6netimi ve tasar\u0131m\u0131, rekabet\u00e7i konumunu belirlemede kritik bir rol oynar.<\/p>\n\t\t\t\t\n\t\t\t<\/div>\n\t\t\t\n\t\t<\/div>\n\t\t\t\t\t\t<\/div>\n\t\t\t\t<div class=\"elementor-element elementor-element-b6e957c elementor-widget elementor-widget-bdt-toggle\" data-id=\"b6e957c\" data-element_type=\"widget\" data-e-type=\"widget\" data-widget_type=\"bdt-toggle.default\">\n\t\t\t\t\t\n        <div class=\"bdt-show-hide-container\">\n            <div id=\"bdt-show-hide-b6e957c\" class=\"bdt-show-hide\" data-settings=\"{&quot;id&quot;:&quot;b6e957c&quot;,&quot;scrollspy_top_offset&quot;:70,&quot;scrollspy_time&quot;:1000,&quot;toggle_initially_open&quot;:&quot; &quot;,&quot;by_widget_selector_status&quot;:&quot;no&quot;,&quot;viewport_lg&quot;:1023,&quot;viewport_md&quot;:767}\">\n                <div class=\"bdt-show-hide-item\">\n                    <div class=\"bdt-show-hide-content\">\n                        <p>Kurulu\u015fun tesis veya tesislerinin yan\u0131 s\u0131ra di\u011fer kaynaklarla olan ba\u011flant\u0131lar\u0131 \u00fcretim a\u011f\u0131 olarak adland\u0131r\u0131l\u0131r.<\/p><p>Verinin toplanmas\u0131, g\u00fcvenlik ve tesis i\u00e7 ve d\u0131\u015f kaynaklar\u0131ndaki bilgiye ihtiya\u00e7 duyan di\u011fer departmanlarla birlikte \u00e7al\u0131\u015fmadan veri da\u011f\u0131t\u0131m\u0131n\u0131 planlamak m\u00fcmk\u00fcn de\u011fildir. Bu i\u015flevlerin birlikte \u00e7al\u0131\u015fma \u015fekli, \u00fcr\u00fcnlerin piyasadaki rekabet g\u00fcc\u00fcn\u00fc korumak i\u00e7in \u00e7ok \u00f6nemlidir. Tasar\u0131m ba\u015ftan kusurluysa, zaman i\u00e7inde d\u00fczeltilmesi daha zor hale gelecektir. Bu da kademeli bir mali kay\u0131p anlam\u0131na gelir.<\/p>                    <\/div>\n\n                    <a class=\"bdt-show-hide-title\" href='javascript:void(0)'>\n                        <span class=\"bdt-show-hide-btn bdt-display-inline\">\n\n                                                        <span class=\"bdt-toggle-open\">\n                                Daha fazla                            <\/span>\n                            <span class=\"bdt-toggle-close\">\n                                Daha az                            <\/span>\n                                                    <\/span>\n\n                    <\/a>\n                <\/div>\n            <\/div>\n        <\/div>\n\n\t\t\t\t<\/div>\n\t\t\t\t<\/div>\n\t\t<div class=\"elementor-element elementor-element-45ff049 e-con-full e-flex e-con e-child\" data-id=\"45ff049\" data-element_type=\"container\" data-e-type=\"container\" data-settings=\"{&quot;background_background&quot;:&quot;gradient&quot;}\">\n\t\t\t\t<div class=\"elementor-element elementor-element-d1234c8 elementor-view-default elementor-position-block-start elementor-mobile-position-block-start elementor-widget elementor-widget-icon-box\" data-id=\"d1234c8\" data-element_type=\"widget\" data-e-type=\"widget\" data-widget_type=\"icon-box.default\">\n\t\t\t\t\t\t\t<div class=\"elementor-icon-box-wrapper\">\n\n\t\t\t\t\t\t<div class=\"elementor-icon-box-icon\">\n\t\t\t\t<a href=\"\/tr\/what-we-do\/#data-collection\" class=\"elementor-icon\" tabindex=\"-1\" aria-label=\"Veri Toplama\">\n\t\t\t\t<svg xmlns=\"http:\/\/www.w3.org\/2000\/svg\" id=\"Layer_1\" data-name=\"Layer 1\" viewbox=\"0 0 24 24\"><path d=\"M17.5,0H6.5C4.019,0,2,2.019,2,4.5v15c0,2.481,2.019,4.5,4.5,4.5h11c2.481,0,4.5-2.019,4.5-4.5V4.5c0-2.481-2.019-4.5-4.5-4.5ZM6.5,1h11c1.93,0,3.5,1.57,3.5,3.5v7H3V4.5c0-1.93,1.57-3.5,3.5-3.5Zm11,22H6.5c-1.93,0-3.5-1.57-3.5-3.5v-7H21v7c0,1.93-1.57,3.5-3.5,3.5ZM10,6.5c0-.276,.224-.5,.5-.5h3c.276,0,.5,.224,.5,.5s-.224,.5-.5,.5h-3c-.276,0-.5-.224-.5-.5Zm4,11c0,.276-.224,.5-.5,.5h-3c-.276,0-.5-.224-.5-.5s.224-.5,.5-.5h3c.276,0,.5,.224,.5,.5Z\"><\/path><\/svg>\t\t\t\t<\/a>\n\t\t\t<\/div>\n\t\t\t\n\t\t\t\t\t\t<div class=\"elementor-icon-box-content\">\n\n\t\t\t\t\t\t\t\t\t<h3 class=\"elementor-icon-box-title\">\n\t\t\t\t\t\t<a href=\"\/tr\/what-we-do\/#data-collection\" >\n\t\t\t\t\t\t\tVeri Toplama\t\t\t\t\t\t<\/a>\n\t\t\t\t\t<\/h3>\n\t\t\t\t\n\t\t\t\t\t\t\t\t\t<p class=\"elementor-icon-box-description translation-block\">Karar alma s\u00fcrecinde de\u011ferleri kullanmak, <strong>kalite<\/strong> ve <strong>verimlili\u011fi<\/strong> art\u0131rmak i\u00e7in fabrikada \u00e7ok \u00f6nemlidir.<\/p>\n\t\t\t\t\n\t\t\t<\/div>\n\t\t\t\n\t\t<\/div>\n\t\t\t\t\t\t<\/div>\n\t\t\t\t<div class=\"elementor-element elementor-element-538b9f2 elementor-widget elementor-widget-bdt-toggle\" data-id=\"538b9f2\" data-element_type=\"widget\" data-e-type=\"widget\" data-widget_type=\"bdt-toggle.default\">\n\t\t\t\t\t\n        <div class=\"bdt-show-hide-container\">\n            <div id=\"bdt-show-hide-538b9f2\" class=\"bdt-show-hide\" data-settings=\"{&quot;id&quot;:&quot;538b9f2&quot;,&quot;status_scrollspy&quot;:&quot;yes&quot;,&quot;scrollspy_top_offset&quot;:60,&quot;scrollspy_time&quot;:1000,&quot;hash_location&quot;:&quot;no&quot;,&quot;toggle_initially_open&quot;:&quot; &quot;,&quot;by_widget_selector_status&quot;:&quot;no&quot;,&quot;viewport_lg&quot;:1023,&quot;viewport_md&quot;:767}\">\n                <div class=\"bdt-show-hide-item\">\n                    <div class=\"bdt-show-hide-content\">\n                        <p class=\"translation-block\">End\u00fcstriyel firmalar, operasyonlar\u0131 hakk\u0131nda daha fazla bilgi edinmek i\u00e7in veri toplama ve analitik teknolojilerini giderek daha fazla kullanmaktad\u0131r. Kurulu\u015flar sens\u00f6rler, <strong>veri toplama yaz\u0131l\u0131mlar\u0131<\/strong> ve di\u011fer teknolojileri kullanarak tesislerinin ve \u015firket operasyonlar\u0131n\u0131n \u00e7e\u015fitli y\u00f6nleri hakk\u0131nda bilgi toplayabilmektedir.<\/p><p>S\u00fcre\u00e7 kontrol\u00fc, verimlilik, maliyet azaltma ve \u00fcr\u00fcn kalitesinin iyile\u015ftirilmesine yard\u0131mc\u0131 olacak i\u00e7g\u00f6r\u00fcler elde etmek amac\u0131yla verilerin analiz edilmesi ve ba\u011flamsalla\u015ft\u0131r\u0131lmas\u0131 tesis i\u00e7in standart bir prosed\u00fcr olmal\u0131d\u0131r.<\/p>                    <\/div>\n\n                    <a class=\"bdt-show-hide-title\" href='javascript:void(0)'>\n                        <span class=\"bdt-show-hide-btn bdt-display-inline\">\n\n                                                        <span class=\"bdt-toggle-open\">\n                                Daha fazla                            <\/span>\n                            <span class=\"bdt-toggle-close\">\n                                Daha az                            <\/span>\n                                                    <\/span>\n\n                    <\/a>\n                <\/div>\n            <\/div>\n        <\/div>\n\n\t\t\t\t<\/div>\n\t\t\t\t<\/div>\n\t\t<div class=\"elementor-element elementor-element-8a5bac0 e-con-full e-flex e-con e-child\" data-id=\"8a5bac0\" data-element_type=\"container\" data-e-type=\"container\" data-settings=\"{&quot;background_background&quot;:&quot;gradient&quot;}\">\n\t\t\t\t<div class=\"elementor-element elementor-element-5427d93 elementor-view-default elementor-position-block-start elementor-mobile-position-block-start elementor-widget elementor-widget-icon-box\" data-id=\"5427d93\" data-element_type=\"widget\" data-e-type=\"widget\" data-widget_type=\"icon-box.default\">\n\t\t\t\t\t\t\t<div class=\"elementor-icon-box-wrapper\">\n\n\t\t\t\t\t\t<div class=\"elementor-icon-box-icon\">\n\t\t\t\t<a href=\"\/tr\/what-we-do\/#ot-security\" class=\"elementor-icon\" tabindex=\"-1\" aria-label=\"OT G\u00fcvenlik\">\n\t\t\t\t<svg xmlns=\"http:\/\/www.w3.org\/2000\/svg\" id=\"Layer_1\" data-name=\"Layer 1\" viewbox=\"0 0 24 24\"><path d=\"m10.5,23h-6c-1.93,0-3.5-1.57-3.5-3.5v-7c0-1.93,1.57-3.5,3.5-3.5h10c.615,0,1.22.162,1.75.468.239.139.545.056.683-.182.139-.239.057-.545-.182-.683-.239-.138-.492-.244-.75-.336v-1.767c0-3.584-2.916-6.5-6.5-6.5S3,2.916,3,6.5v1.776c-1.742.621-3,2.271-3,4.224v7c0,2.481,2.019,4.5,4.5,4.5h6c.276,0,.5-.224.5-.5s-.224-.5-.5-.5ZM4,6.5c0-3.033,2.467-5.5,5.5-5.5s5.5,2.467,5.5,5.5v1.533c-.166-.018-.332-.033-.5-.033H4.5c-.171,0-.334.032-.5.051v-1.551Zm5.5,8.5c.276,0,.5.224.5.5v2c0,.276-.224.5-.5.5s-.5-.224-.5-.5v-2c0-.276.224-.5.5-.5Zm8-4c-3.584,0-6.5,2.916-6.5,6.5s2.916,6.5,6.5,6.5,6.5-2.916,6.5-6.5-2.916-6.5-6.5-6.5Zm0,12c-3.033,0-5.5-2.468-5.5-5.5s2.467-5.5,5.5-5.5,5.5,2.468,5.5,5.5-2.467,5.5-5.5,5.5Zm3.35-6.857c.192.198.187.515-.012.707l-2.703,2.614c-.36.355-.835.533-1.311.533s-.949-.177-1.312-.531l-1.364-1.347c-.197-.193-.199-.51-.005-.707.194-.195.511-.198.707-.004l1.363,1.345c.337.33.886.326,1.223-.004l2.706-2.618c.2-.191.516-.187.707.012Z\"><\/path><\/svg>\t\t\t\t<\/a>\n\t\t\t<\/div>\n\t\t\t\n\t\t\t\t\t\t<div class=\"elementor-icon-box-content\">\n\n\t\t\t\t\t\t\t\t\t<h3 class=\"elementor-icon-box-title\">\n\t\t\t\t\t\t<a href=\"\/tr\/what-we-do\/#ot-security\" >\n\t\t\t\t\t\t\tOT G\u00fcvenlik\t\t\t\t\t\t<\/a>\n\t\t\t\t\t<\/h3>\n\t\t\t\t\n\t\t\t\t\t\t\t\t\t<p class=\"elementor-icon-box-description translation-block\">Sanayi sekt\u00f6r\u00fcndeki i\u015fletmeler, <strong> operasyonel teknolojilerinde<\/strong>  (OT) BT geli\u015fmelerini kullanmak i\u00e7in her zaman yeni yollar ar\u0131yor ve uyguluyor.<\/p>\n\t\t\t\t\n\t\t\t<\/div>\n\t\t\t\n\t\t<\/div>\n\t\t\t\t\t\t<\/div>\n\t\t\t\t<div class=\"elementor-element elementor-element-e046ab1 elementor-widget elementor-widget-bdt-toggle\" data-id=\"e046ab1\" data-element_type=\"widget\" data-e-type=\"widget\" data-widget_type=\"bdt-toggle.default\">\n\t\t\t\t\t\n        <div class=\"bdt-show-hide-container\">\n            <div id=\"bdt-show-hide-e046ab1\" class=\"bdt-show-hide\" data-settings=\"{&quot;id&quot;:&quot;e046ab1&quot;,&quot;status_scrollspy&quot;:&quot;yes&quot;,&quot;scrollspy_top_offset&quot;:60,&quot;scrollspy_time&quot;:1000,&quot;hash_location&quot;:&quot;no&quot;,&quot;toggle_initially_open&quot;:&quot; &quot;,&quot;by_widget_selector_status&quot;:&quot;no&quot;,&quot;viewport_lg&quot;:1023,&quot;viewport_md&quot;:767}\">\n                <div class=\"bdt-show-hide-item\">\n                    <div class=\"bdt-show-hide-content\">\n                        <p>End\u00fcstriyel kontrol sistemleri (ICS), denetleyici kontrol ve veri toplama (SCADA), ak\u0131ll\u0131 sens\u00f6rler, end\u00fcstriyel nesnelerin interneti (IIOT) ve a\u011fa ba\u011fl\u0131 sistemlerin t\u00fcm\u00fc BT ve OT'nin birle\u015fimiyle m\u00fcmk\u00fcn olmaktad\u0131r.<\/p><p class=\"translation-block\"><strong>OT ortamlar\u0131na ve sistemlerine y\u00f6nelik sald\u0131r\u0131lar<\/strong>, harici a\u011flar\u0131n operasyonel teknolojisinin daha ba\u011flant\u0131l\u0131 hale gelmesinin bir sonucu olarak herg\u00fcn daha fazla artmaktad\u0131r. Payla\u015f\u0131lan veriler dolay\u0131s\u0131yla daha fazla verimlilik elde etmek i\u00e7in edinilmeye \u00e7al\u0131\u015f\u0131lan avantajlar, altyap\u0131ya y\u00f6nelik artan OT g\u00fcvenlik tehditlerini de beraberinde getirmektedir.<\/p>                    <\/div>\n\n                    <a class=\"bdt-show-hide-title\" href='javascript:void(0)'>\n                        <span class=\"bdt-show-hide-btn bdt-display-inline\">\n\n                                                        <span class=\"bdt-toggle-open\">\n                                Daha fazla                            <\/span>\n                            <span class=\"bdt-toggle-close\">\n                                Daha az                            <\/span>\n                                                    <\/span>\n\n                    <\/a>\n                <\/div>\n            <\/div>\n        <\/div>\n\n\t\t\t\t<\/div>\n\t\t\t\t<\/div>\n\t\t\t\t<\/div>\n\t\t\t\t\t<\/div>\n\t\t\t\t<\/div>\n\t\t\t\t<\/div>","protected":false},"excerpt":{"rendered":"<p>Data in Motion, Decisions in Real-Time Data in Motion,Decisions in Real-Time Since 2016, we have successfully executed numerous end-to-end software projects on-site, working with businesses that want to use the power of data, responding to emerging technological needs in the power generation, oil and gas, mining, chemical and pharmaceutical industries Since 2016, we have successfully [&hellip;]<\/p>\n","protected":false},"author":1,"featured_media":0,"parent":0,"menu_order":0,"comment_status":"closed","ping_status":"closed","template":"elementor_header_footer","meta":{"footnotes":""},"class_list":["post-87","page","type-page","status-publish","hentry"],"aioseo_notices":[],"_links":{"self":[{"href":"https:\/\/www.karmasoft.com.tr\/tr\/wp-json\/wp\/v2\/pages\/87","targetHints":{"allow":["GET"]}}],"collection":[{"href":"https:\/\/www.karmasoft.com.tr\/tr\/wp-json\/wp\/v2\/pages"}],"about":[{"href":"https:\/\/www.karmasoft.com.tr\/tr\/wp-json\/wp\/v2\/types\/page"}],"author":[{"embeddable":true,"href":"https:\/\/www.karmasoft.com.tr\/tr\/wp-json\/wp\/v2\/users\/1"}],"replies":[{"embeddable":true,"href":"https:\/\/www.karmasoft.com.tr\/tr\/wp-json\/wp\/v2\/comments?post=87"}],"version-history":[{"count":45,"href":"https:\/\/www.karmasoft.com.tr\/tr\/wp-json\/wp\/v2\/pages\/87\/revisions"}],"predecessor-version":[{"id":6925,"href":"https:\/\/www.karmasoft.com.tr\/tr\/wp-json\/wp\/v2\/pages\/87\/revisions\/6925"}],"wp:attachment":[{"href":"https:\/\/www.karmasoft.com.tr\/tr\/wp-json\/wp\/v2\/media?parent=87"}],"curies":[{"name":"wp","href":"https:\/\/api.w.org\/{rel}","templated":true}]}}