{"id":85,"date":"2023-11-07T12:37:33","date_gmt":"2023-11-07T09:37:33","guid":{"rendered":"https:\/\/karmasoft.com.tr\/about-us\/"},"modified":"2026-01-12T10:45:17","modified_gmt":"2026-01-12T07:45:17","slug":"who-we-are","status":"publish","type":"page","link":"https:\/\/www.karmasoft.com.tr\/tr\/who-we-are\/","title":{"rendered":"Biz Kimiz"},"content":{"rendered":"<div data-elementor-type=\"wp-page\" data-elementor-id=\"85\" class=\"elementor elementor-85\" data-elementor-post-type=\"page\">\n\t\t\t\t<div class=\"elementor-element elementor-element-1259b76 e-flex e-con-boxed elementor-invisible e-con e-parent\" data-id=\"1259b76\" data-element_type=\"container\" data-e-type=\"container\" data-settings=\"{&quot;background_background&quot;:&quot;gradient&quot;,&quot;animation&quot;:&quot;fadeIn&quot;,&quot;animation_delay&quot;:100}\">\n\t\t\t\t\t<div class=\"e-con-inner\">\n\t\t\t\t<div class=\"elementor-element elementor-element-24c0045 elementor-widget elementor-widget-heading\" data-id=\"24c0045\" data-element_type=\"widget\" data-e-type=\"widget\" data-widget_type=\"heading.default\">\n\t\t\t\t\t<h1 class=\"elementor-heading-title elementor-size-default\">End\u00fcstriyel Dijital D\u00f6n\u00fc\u015f\u00fcm Dan\u0131\u015fman\u0131y\u0131z<\/h1>\t\t\t\t<\/div>\n\t\t\t\t<div class=\"elementor-element elementor-element-3e1df4f elementor-hidden-tablet elementor-hidden-mobile elementor-widget elementor-widget-text-editor translation-block\" data-id=\"3e1df4f\" data-element_type=\"widget\" data-e-type=\"widget\" data-widget_type=\"text-editor.default\">Yerinde ve uzaktan hizmetler arac\u0131l\u0131\u011f\u0131yla bir\u00e7ok sekt\u00f6rde <b>AVEVA\u2122<\/b> \u00fcr\u00fcn da\u011f\u0131t\u0131m\u0131na <br>odaklanan BT\/OT \u00e7\u00f6z\u00fcmleri sa\u011flay\u0131c\u0131s\u0131y\u0131z<\/div>\n\t\t\t\t<div class=\"elementor-element elementor-element-f2583c1 elementor-hidden-desktop elementor-widget elementor-widget-text-editor\" data-id=\"f2583c1\" data-element_type=\"widget\" data-e-type=\"widget\" data-widget_type=\"text-editor.default\">\n\t\t\t\t\t\t\t\t\t<p class=\"translation-block\">Yerinde ve uzaktan hizmetler arac\u0131l\u0131\u011f\u0131yla bir\u00e7ok sekt\u00f6rde <b>AVEVA\u2122<\/b> \u00fcr\u00fcn da\u011f\u0131t\u0131m\u0131na <br>odaklanan BT\/OT \u00e7\u00f6z\u00fcmleri sa\u011flay\u0131c\u0131s\u0131y\u0131z<\/p>\t\t\t\t\t\t\t\t<\/div>\n\t\t\t\t\t<\/div>\n\t\t\t\t<\/div>\n\t\t<div class=\"elementor-element elementor-element-859311f e-flex e-con-boxed e-con e-parent\" data-id=\"859311f\" data-element_type=\"container\" data-e-type=\"container\">\n\t\t\t\t\t<div class=\"e-con-inner\">\n\t\t<div class=\"elementor-element elementor-element-1673532 e-con-full e-flex elementor-invisible e-con e-child\" data-id=\"1673532\" data-element_type=\"container\" data-e-type=\"container\" data-settings=\"{&quot;animation&quot;:&quot;fadeInUp&quot;,&quot;animation_delay&quot;:200}\">\n\t\t<div class=\"elementor-element elementor-element-c25d4f9 e-con-full e-flex e-con e-child\" data-id=\"c25d4f9\" data-element_type=\"container\" data-e-type=\"container\">\n\t\t\t\t<div class=\"elementor-element elementor-element-b4ef36e elementor-widget elementor-widget-image\" data-id=\"b4ef36e\" data-element_type=\"widget\" data-e-type=\"widget\" data-widget_type=\"image.default\">\n\t\t\t\t\t\t\t\t\t\t\t\t\t\t\t<img fetchpriority=\"high\" decoding=\"async\" width=\"1280\" height=\"720\" src=\"https:\/\/www.karmasoft.com.tr\/wp-content\/uploads\/2025\/10\/karma-software-and-consultancy-who-we-are-01.webp\" class=\"attachment-full size-full wp-image-5886\" alt=\"\" srcset=\"https:\/\/www.karmasoft.com.tr\/wp-content\/uploads\/2025\/10\/karma-software-and-consultancy-who-we-are-01.webp 1280w, https:\/\/www.karmasoft.com.tr\/wp-content\/uploads\/2025\/10\/karma-software-and-consultancy-who-we-are-01-300x169.webp 300w, https:\/\/www.karmasoft.com.tr\/wp-content\/uploads\/2025\/10\/karma-software-and-consultancy-who-we-are-01-1024x576.webp 1024w, https:\/\/www.karmasoft.com.tr\/wp-content\/uploads\/2025\/10\/karma-software-and-consultancy-who-we-are-01-768x432.webp 768w, https:\/\/www.karmasoft.com.tr\/wp-content\/uploads\/2025\/10\/karma-software-and-consultancy-who-we-are-01-18x10.webp 18w\" sizes=\"(max-width: 1280px) 100vw, 1280px\" \/>\t\t\t\t\t\t\t\t\t\t\t\t\t\t\t<\/div>\n\t\t\t\t<\/div>\n\t\t<div class=\"elementor-element elementor-element-570c986 e-con-full e-flex e-con e-child\" data-id=\"570c986\" data-element_type=\"container\" data-e-type=\"container\">\n\t\t\t\t<div class=\"elementor-element elementor-element-c5b1366 elementor-widget elementor-widget-heading\" data-id=\"c5b1366\" data-element_type=\"widget\" data-e-type=\"widget\" data-widget_type=\"heading.default\">\n\t\t\t\t\t<h2 class=\"elementor-heading-title elementor-size-default\">Dizayn<\/h2>\t\t\t\t<\/div>\n\t\t\t\t<div class=\"elementor-element elementor-element-30e8246 elementor-widget elementor-widget-text-editor\" data-id=\"30e8246\" data-element_type=\"widget\" data-e-type=\"widget\" data-widget_type=\"text-editor.default\">\n\t\t\t\t\t\t\t\t\t<p>Anahtar teslim \u00e7\u00f6z\u00fcmleri m\u00fckemmel bir tasar\u0131mla ger\u00e7ekle\u015ftirmek isteyen m\u00fc\u015fteriler i\u00e7in en iyi se\u00e7enek oldu\u011fumuzu d\u00fc\u015f\u00fcn\u00fcyoruz. Tesislerdeki OT a\u011flar\u0131nda daha merkezi, varl\u0131k merkezli ve ideal veri \u00e7\u00f6z\u00fcmleri, uygun bir tasar\u0131mla i\u015fe ba\u015flamak ve s\u00fcrd\u00fcr\u00fclebilirlik i\u00e7in profesyonel yard\u0131m almakla ortaya \u00e7\u0131kabilir.<\/p>\t\t\t\t\t\t\t\t<\/div>\n\t\t\t\t<\/div>\n\t\t\t\t<\/div>\n\t\t\t\t<div class=\"elementor-element elementor-element-53ef681 elementor-hidden-desktop elementor-widget-divider--view-line elementor-invisible elementor-widget elementor-widget-divider\" data-id=\"53ef681\" data-element_type=\"widget\" data-e-type=\"widget\" data-settings=\"{&quot;_animation&quot;:&quot;fadeIn&quot;}\" data-widget_type=\"divider.default\">\n\t\t\t\t\t\t\t<div class=\"elementor-divider\">\n\t\t\t<span class=\"elementor-divider-separator\">\n\t\t\t\t\t\t<\/span>\n\t\t<\/div>\n\t\t\t\t\t\t<\/div>\n\t\t<div class=\"elementor-element elementor-element-3e92307 e-con-full e-flex elementor-invisible e-con e-child\" data-id=\"3e92307\" data-element_type=\"container\" data-e-type=\"container\" data-settings=\"{&quot;animation&quot;:&quot;fadeIn&quot;}\">\n\t\t<div class=\"elementor-element elementor-element-bde7975 e-con-full e-flex e-con e-child\" data-id=\"bde7975\" data-element_type=\"container\" data-e-type=\"container\">\n\t\t\t\t<div class=\"elementor-element elementor-element-18a8017 elementor-widget elementor-widget-heading\" data-id=\"18a8017\" data-element_type=\"widget\" data-e-type=\"widget\" data-widget_type=\"heading.default\">\n\t\t\t\t\t<h2 class=\"elementor-heading-title elementor-size-default\">Entegrasyon<\/h2>\t\t\t\t<\/div>\n\t\t\t\t<div class=\"elementor-element elementor-element-dc1e76f elementor-widget elementor-widget-text-editor\" data-id=\"dc1e76f\" data-element_type=\"widget\" data-e-type=\"widget\" data-widget_type=\"text-editor.default\">\n\t\t\t\t\t\t\t\t\t<p>AVEVA \u00e7\u00f6z\u00fcmlerini ERP (SAP, Oracle vb.), MES ve LIMS gibi di\u011fer sistemlerle entegre ederek, kurulu\u015ftaki t\u00fcm departmanlar taraf\u0131ndan kullan\u0131labilecek tek ve g\u00fcvenilir bir kaynaktan elde edilen do\u011frulanm\u0131\u015f ve birle\u015ftirilmi\u015f verilerin kullan\u0131lmas\u0131n\u0131 garanti eden g\u00fcvenilir ve tutarl\u0131 bir veri ak\u0131\u015f\u0131 sa\u011fl\u0131yoruz.<\/p>\t\t\t\t\t\t\t\t<\/div>\n\t\t\t\t<\/div>\n\t\t<div class=\"elementor-element elementor-element-0e7049d e-con-full e-flex e-con e-child\" data-id=\"0e7049d\" data-element_type=\"container\" data-e-type=\"container\">\n\t\t\t\t<div class=\"elementor-element elementor-element-1bc5cc5 elementor-widget elementor-widget-image\" data-id=\"1bc5cc5\" data-element_type=\"widget\" data-e-type=\"widget\" data-widget_type=\"image.default\">\n\t\t\t\t\t\t\t\t\t\t\t\t\t\t\t<img decoding=\"async\" width=\"1280\" height=\"720\" src=\"https:\/\/www.karmasoft.com.tr\/wp-content\/uploads\/2025\/10\/karma-software-and-consultancy-who-we-are-02.webp\" class=\"attachment-full size-full wp-image-5887\" alt=\"\" srcset=\"https:\/\/www.karmasoft.com.tr\/wp-content\/uploads\/2025\/10\/karma-software-and-consultancy-who-we-are-02.webp 1280w, https:\/\/www.karmasoft.com.tr\/wp-content\/uploads\/2025\/10\/karma-software-and-consultancy-who-we-are-02-300x169.webp 300w, https:\/\/www.karmasoft.com.tr\/wp-content\/uploads\/2025\/10\/karma-software-and-consultancy-who-we-are-02-1024x576.webp 1024w, https:\/\/www.karmasoft.com.tr\/wp-content\/uploads\/2025\/10\/karma-software-and-consultancy-who-we-are-02-768x432.webp 768w, https:\/\/www.karmasoft.com.tr\/wp-content\/uploads\/2025\/10\/karma-software-and-consultancy-who-we-are-02-18x10.webp 18w\" sizes=\"(max-width: 1280px) 100vw, 1280px\" \/>\t\t\t\t\t\t\t\t\t\t\t\t\t\t\t<\/div>\n\t\t\t\t<\/div>\n\t\t\t\t<\/div>\n\t\t\t\t<div class=\"elementor-element elementor-element-944eb43 elementor-hidden-desktop elementor-widget-divider--view-line elementor-invisible elementor-widget elementor-widget-divider\" data-id=\"944eb43\" data-element_type=\"widget\" data-e-type=\"widget\" data-settings=\"{&quot;_animation&quot;:&quot;fadeIn&quot;}\" data-widget_type=\"divider.default\">\n\t\t\t\t\t\t\t<div class=\"elementor-divider\">\n\t\t\t<span class=\"elementor-divider-separator\">\n\t\t\t\t\t\t<\/span>\n\t\t<\/div>\n\t\t\t\t\t\t<\/div>\n\t\t<div class=\"elementor-element elementor-element-b54cefb e-con-full e-flex elementor-invisible e-con e-child\" data-id=\"b54cefb\" data-element_type=\"container\" data-e-type=\"container\" data-settings=\"{&quot;animation&quot;:&quot;fadeIn&quot;}\">\n\t\t<div class=\"elementor-element elementor-element-a24f734 e-con-full e-flex e-con e-child\" data-id=\"a24f734\" data-element_type=\"container\" data-e-type=\"container\">\n\t\t\t\t<div class=\"elementor-element elementor-element-bca21d5 elementor-widget elementor-widget-image\" data-id=\"bca21d5\" data-element_type=\"widget\" data-e-type=\"widget\" data-widget_type=\"image.default\">\n\t\t\t\t\t\t\t\t\t\t\t\t\t\t\t<img decoding=\"async\" width=\"1280\" height=\"720\" src=\"https:\/\/www.karmasoft.com.tr\/wp-content\/uploads\/2025\/10\/karma-software-and-consultancy-who-we-are-03.webp\" class=\"attachment-full size-full wp-image-5888\" alt=\"\" srcset=\"https:\/\/www.karmasoft.com.tr\/wp-content\/uploads\/2025\/10\/karma-software-and-consultancy-who-we-are-03.webp 1280w, https:\/\/www.karmasoft.com.tr\/wp-content\/uploads\/2025\/10\/karma-software-and-consultancy-who-we-are-03-300x169.webp 300w, https:\/\/www.karmasoft.com.tr\/wp-content\/uploads\/2025\/10\/karma-software-and-consultancy-who-we-are-03-1024x576.webp 1024w, https:\/\/www.karmasoft.com.tr\/wp-content\/uploads\/2025\/10\/karma-software-and-consultancy-who-we-are-03-768x432.webp 768w, https:\/\/www.karmasoft.com.tr\/wp-content\/uploads\/2025\/10\/karma-software-and-consultancy-who-we-are-03-18x10.webp 18w\" sizes=\"(max-width: 1280px) 100vw, 1280px\" \/>\t\t\t\t\t\t\t\t\t\t\t\t\t\t\t<\/div>\n\t\t\t\t<\/div>\n\t\t<div class=\"elementor-element elementor-element-3e5ffe4 e-con-full e-flex e-con e-child\" data-id=\"3e5ffe4\" data-element_type=\"container\" data-e-type=\"container\">\n\t\t\t\t<div class=\"elementor-element elementor-element-3869d17 elementor-widget elementor-widget-heading\" data-id=\"3869d17\" data-element_type=\"widget\" data-e-type=\"widget\" data-widget_type=\"heading.default\">\n\t\t\t\t\t<h2 class=\"elementor-heading-title elementor-size-default\">S\u00fcre\u00e7 \u0130yile\u015ftirmesi<\/h2>\t\t\t\t<\/div>\n\t\t\t\t<div class=\"elementor-element elementor-element-20a5f24 elementor-widget elementor-widget-text-editor\" data-id=\"20a5f24\" data-element_type=\"widget\" data-e-type=\"widget\" data-widget_type=\"text-editor.default\">\n\t\t\t\t\t\t\t\t\t<p>Kesintili veya s\u00fcrekli \u00fcretim tesislerindeki s\u00fcre\u00e7 iyile\u015ftirmelerinin uygulanmas\u0131, end\u00fcstriyel cihaz ileti\u015fiminin yeniden kurulmas\u0131 ve merkezile\u015ftirilmesi, mimarinin yeniden tasarlanmas\u0131, ger\u00e7ek zamanl\u0131 geli\u015fmi\u015f analitiklere dayal\u0131 \u00fcretim modellemesinin g\u00fcncellenmesi ve t\u00fcm departmanlara tek ve birle\u015fik bir kaynaktan operasyonel veri sa\u011flanmas\u0131 konular\u0131nda s\u00fcre\u00e7 uzmanlar\u0131n\u0131 destekliyoruz.<\/p>\t\t\t\t\t\t\t\t<\/div>\n\t\t\t\t<\/div>\n\t\t\t\t<\/div>\n\t\t\t\t<div class=\"elementor-element elementor-element-d1eec7a elementor-hidden-desktop elementor-widget-divider--view-line elementor-invisible elementor-widget elementor-widget-divider\" data-id=\"d1eec7a\" data-element_type=\"widget\" data-e-type=\"widget\" data-settings=\"{&quot;_animation&quot;:&quot;fadeIn&quot;}\" data-widget_type=\"divider.default\">\n\t\t\t\t\t\t\t<div class=\"elementor-divider\">\n\t\t\t<span class=\"elementor-divider-separator\">\n\t\t\t\t\t\t<\/span>\n\t\t<\/div>\n\t\t\t\t\t\t<\/div>\n\t\t<div class=\"elementor-element elementor-element-6271d75 e-con-full e-flex elementor-invisible e-con e-child\" data-id=\"6271d75\" data-element_type=\"container\" data-e-type=\"container\" data-settings=\"{&quot;animation&quot;:&quot;fadeIn&quot;}\">\n\t\t<div class=\"elementor-element elementor-element-32c36f1 e-con-full e-flex e-con e-child\" data-id=\"32c36f1\" data-element_type=\"container\" data-e-type=\"container\">\n\t\t\t\t<div class=\"elementor-element elementor-element-52eb96e elementor-widget elementor-widget-heading\" data-id=\"52eb96e\" data-element_type=\"widget\" data-e-type=\"widget\" data-widget_type=\"heading.default\">\n\t\t\t\t\t<h2 class=\"elementor-heading-title elementor-size-default\">\u00dcretimde Optimizasyon<\/h2>\t\t\t\t<\/div>\n\t\t\t\t<div class=\"elementor-element elementor-element-b771d3a elementor-widget elementor-widget-text-editor\" data-id=\"b771d3a\" data-element_type=\"widget\" data-e-type=\"widget\" data-widget_type=\"text-editor.default\">\n\t\t\t\t\t\t\t\t\t<p>Geli\u015fmi\u015f analitik ve yapay zeka kullanan son teknoloji Operasyonel Zeka \u00e7\u00f6z\u00fcmleri sunarak, s\u00fcre\u00e7 uzmanlar\u0131n\u0131n \u00fcretim performans\u0131n\u0131 optimize etmelerine yard\u0131mc\u0131 oluyoruz, bu nedenle m\u00fc\u015fterilerimizi dijital d\u00f6n\u00fc\u015f\u00fcmlerinde desteklemek i\u00e7in etkili ara\u00e7lar\u0131n nas\u0131l uygulanaca\u011f\u0131n\u0131 g\u00f6steren dan\u0131\u015fmanlar\u0131z.<\/p>\t\t\t\t\t\t\t\t<\/div>\n\t\t\t\t<\/div>\n\t\t<div class=\"elementor-element elementor-element-a83e8e4 e-con-full e-flex e-con e-child\" data-id=\"a83e8e4\" data-element_type=\"container\" data-e-type=\"container\">\n\t\t\t\t<div class=\"elementor-element elementor-element-120477b elementor-widget elementor-widget-image\" data-id=\"120477b\" data-element_type=\"widget\" data-e-type=\"widget\" data-widget_type=\"image.default\">\n\t\t\t\t\t\t\t\t\t\t\t\t\t\t\t<img loading=\"lazy\" decoding=\"async\" width=\"1280\" height=\"720\" src=\"https:\/\/www.karmasoft.com.tr\/wp-content\/uploads\/2025\/10\/karma-software-and-consultancy-who-we-are-04.webp\" class=\"attachment-full size-full wp-image-5889\" alt=\"\" srcset=\"https:\/\/www.karmasoft.com.tr\/wp-content\/uploads\/2025\/10\/karma-software-and-consultancy-who-we-are-04.webp 1280w, https:\/\/www.karmasoft.com.tr\/wp-content\/uploads\/2025\/10\/karma-software-and-consultancy-who-we-are-04-300x169.webp 300w, https:\/\/www.karmasoft.com.tr\/wp-content\/uploads\/2025\/10\/karma-software-and-consultancy-who-we-are-04-1024x576.webp 1024w, https:\/\/www.karmasoft.com.tr\/wp-content\/uploads\/2025\/10\/karma-software-and-consultancy-who-we-are-04-768x432.webp 768w, https:\/\/www.karmasoft.com.tr\/wp-content\/uploads\/2025\/10\/karma-software-and-consultancy-who-we-are-04-18x10.webp 18w\" sizes=\"(max-width: 1280px) 100vw, 1280px\" \/>\t\t\t\t\t\t\t\t\t\t\t\t\t\t\t<\/div>\n\t\t\t\t<\/div>\n\t\t\t\t<\/div>\n\t\t\t\t<div class=\"elementor-element elementor-element-3c460fc elementor-hidden-desktop elementor-widget-divider--view-line elementor-invisible elementor-widget elementor-widget-divider\" data-id=\"3c460fc\" data-element_type=\"widget\" data-e-type=\"widget\" data-settings=\"{&quot;_animation&quot;:&quot;fadeIn&quot;}\" data-widget_type=\"divider.default\">\n\t\t\t\t\t\t\t<div class=\"elementor-divider\">\n\t\t\t<span class=\"elementor-divider-separator\">\n\t\t\t\t\t\t<\/span>\n\t\t<\/div>\n\t\t\t\t\t\t<\/div>\n\t\t<div class=\"elementor-element elementor-element-4a7d5b1 e-con-full e-flex elementor-invisible e-con e-child\" data-id=\"4a7d5b1\" data-element_type=\"container\" data-e-type=\"container\" data-settings=\"{&quot;animation&quot;:&quot;fadeIn&quot;}\">\n\t\t<div class=\"elementor-element elementor-element-ac4ff72 e-con-full e-flex e-con e-child\" data-id=\"ac4ff72\" data-element_type=\"container\" data-e-type=\"container\">\n\t\t\t\t<div class=\"elementor-element elementor-element-94e17ae elementor-widget elementor-widget-image\" data-id=\"94e17ae\" data-element_type=\"widget\" data-e-type=\"widget\" data-widget_type=\"image.default\">\n\t\t\t\t\t\t\t\t\t\t\t\t\t\t\t<img loading=\"lazy\" decoding=\"async\" width=\"1280\" height=\"720\" src=\"https:\/\/www.karmasoft.com.tr\/wp-content\/uploads\/2025\/10\/karma-software-and-consultancy-who-we-are-05.webp\" class=\"attachment-full size-full wp-image-5890\" alt=\"\" srcset=\"https:\/\/www.karmasoft.com.tr\/wp-content\/uploads\/2025\/10\/karma-software-and-consultancy-who-we-are-05.webp 1280w, https:\/\/www.karmasoft.com.tr\/wp-content\/uploads\/2025\/10\/karma-software-and-consultancy-who-we-are-05-300x169.webp 300w, https:\/\/www.karmasoft.com.tr\/wp-content\/uploads\/2025\/10\/karma-software-and-consultancy-who-we-are-05-1024x576.webp 1024w, https:\/\/www.karmasoft.com.tr\/wp-content\/uploads\/2025\/10\/karma-software-and-consultancy-who-we-are-05-768x432.webp 768w, https:\/\/www.karmasoft.com.tr\/wp-content\/uploads\/2025\/10\/karma-software-and-consultancy-who-we-are-05-18x10.webp 18w\" sizes=\"(max-width: 1280px) 100vw, 1280px\" \/>\t\t\t\t\t\t\t\t\t\t\t\t\t\t\t<\/div>\n\t\t\t\t<\/div>\n\t\t<div class=\"elementor-element elementor-element-d511a7d e-con-full e-flex e-con e-child\" data-id=\"d511a7d\" data-element_type=\"container\" data-e-type=\"container\">\n\t\t\t\t<div class=\"elementor-element elementor-element-7e60e67 elementor-widget elementor-widget-heading\" data-id=\"7e60e67\" data-element_type=\"widget\" data-e-type=\"widget\" data-widget_type=\"heading.default\">\n\t\t\t\t\t<h2 class=\"elementor-heading-title elementor-size-default\">G\u00fcvenlik<\/h2>\t\t\t\t<\/div>\n\t\t\t\t<div class=\"elementor-element elementor-element-55bba5f elementor-widget elementor-widget-text-editor\" data-id=\"55bba5f\" data-element_type=\"widget\" data-e-type=\"widget\" data-widget_type=\"text-editor.default\">\n\t\t\t\t\t\t\t\t\t<p>Payda\u015flar\u0131n (BT, OT ve i\u015f ekipleri) siber risklerin fark\u0131nda olmalar\u0131n\u0131 ve tehditleri proaktif olarak belirleyip azaltacak bilgi ve becerilere sahip olmalar\u0131n\u0131 sa\u011flamak i\u00e7in ISA\/IEC 62443 standard\u0131n\u0131 uygulayarak tesislerdeki t\u00fcm varl\u0131klar\u0131n g\u00fcvenli\u011fini sa\u011flamada BT uzmanlar\u0131n\u0131n yard\u0131mc\u0131s\u0131y\u0131z.<\/p>\t\t\t\t\t\t\t\t<\/div>\n\t\t\t\t<\/div>\n\t\t\t\t<\/div>\n\t\t\t\t<div class=\"elementor-element elementor-element-8a738c5 elementor-hidden-tablet elementor-hidden-mobile elementor-widget-divider--view-line elementor-invisible elementor-widget elementor-widget-divider\" data-id=\"8a738c5\" data-element_type=\"widget\" data-e-type=\"widget\" data-settings=\"{&quot;_animation&quot;:&quot;fadeIn&quot;}\" data-widget_type=\"divider.default\">\n\t\t\t\t\t\t\t<div class=\"elementor-divider\">\n\t\t\t<span class=\"elementor-divider-separator\">\n\t\t\t\t\t\t<\/span>\n\t\t<\/div>\n\t\t\t\t\t\t<\/div>\n\t\t\t\t\t<\/div>\n\t\t\t\t<\/div>\n\t\t\t\t<\/div>","protected":false},"excerpt":{"rendered":"<p>We Are Your Industrial Digital Transformation Partner We are the provider of IT\/OT solutions, primarily focusing on the AVEVA\u2122 product deployment across many industries through onsite and remote services. We are the provider of IT\/OT solutions, primarily focusing on the AVEVA\u2122 product deployment across many industries through onsite and remote services. Design We think we [&hellip;]<\/p>\n","protected":false},"author":1,"featured_media":0,"parent":0,"menu_order":0,"comment_status":"closed","ping_status":"closed","template":"elementor_header_footer","meta":{"footnotes":""},"class_list":["post-85","page","type-page","status-publish","hentry"],"aioseo_notices":[],"_links":{"self":[{"href":"https:\/\/www.karmasoft.com.tr\/tr\/wp-json\/wp\/v2\/pages\/85","targetHints":{"allow":["GET"]}}],"collection":[{"href":"https:\/\/www.karmasoft.com.tr\/tr\/wp-json\/wp\/v2\/pages"}],"about":[{"href":"https:\/\/www.karmasoft.com.tr\/tr\/wp-json\/wp\/v2\/types\/page"}],"author":[{"embeddable":true,"href":"https:\/\/www.karmasoft.com.tr\/tr\/wp-json\/wp\/v2\/users\/1"}],"replies":[{"embeddable":true,"href":"https:\/\/www.karmasoft.com.tr\/tr\/wp-json\/wp\/v2\/comments?post=85"}],"version-history":[{"count":15,"href":"https:\/\/www.karmasoft.com.tr\/tr\/wp-json\/wp\/v2\/pages\/85\/revisions"}],"predecessor-version":[{"id":6794,"href":"https:\/\/www.karmasoft.com.tr\/tr\/wp-json\/wp\/v2\/pages\/85\/revisions\/6794"}],"wp:attachment":[{"href":"https:\/\/www.karmasoft.com.tr\/tr\/wp-json\/wp\/v2\/media?parent=85"}],"curies":[{"name":"wp","href":"https:\/\/api.w.org\/{rel}","templated":true}]}}