{"id":82,"date":"2023-11-08T11:33:47","date_gmt":"2023-11-08T08:33:47","guid":{"rendered":"https:\/\/karmasoft.com.tr\/contact\/"},"modified":"2026-01-12T11:30:33","modified_gmt":"2026-01-12T08:30:33","slug":"contact-us","status":"publish","type":"page","link":"https:\/\/www.karmasoft.com.tr\/tr\/contact-us\/","title":{"rendered":"\u0130leti\u015fime Ge\u00e7in"},"content":{"rendered":"<div data-elementor-type=\"wp-page\" data-elementor-id=\"82\" class=\"elementor elementor-82\" data-elementor-post-type=\"page\">\n\t\t\t\t<div class=\"elementor-element elementor-element-166cd2e e-flex e-con-boxed e-con e-parent\" data-id=\"166cd2e\" data-element_type=\"container\" data-e-type=\"container\" data-settings=\"{&quot;background_background&quot;:&quot;video&quot;,&quot;background_video_link&quot;:&quot;\\\/wp-content\\\/uploads\\\/2025\\\/10\\\/karmasoft-software-and-consultancy-hero-clip.mp4&quot;,&quot;background_play_on_mobile&quot;:&quot;yes&quot;}\">\n\t\t\t\t\t<div class=\"e-con-inner\">\n\t\t<div class=\"elementor-background-video-container\">\n\t\t\t\t\t\t\t<video class=\"elementor-background-video-hosted\" role=\"presentation\" autoplay muted playsinline loop><\/video>\n\t\t\t\t\t<\/div><div class=\"elementor-element elementor-element-88559ec e-con-full e-flex elementor-invisible e-con e-child\" data-id=\"88559ec\" data-element_type=\"container\" data-e-type=\"container\" data-settings=\"{&quot;background_background&quot;:&quot;classic&quot;,&quot;animation&quot;:&quot;fadeIn&quot;,&quot;animation_delay&quot;:200}\">\n\t\t\t\t<div class=\"elementor-element elementor-element-1b4c5d9 elementor-hidden-mobile elementor-widget elementor-widget-heading\" data-id=\"1b4c5d9\" data-element_type=\"widget\" data-e-type=\"widget\" data-widget_type=\"heading.default\">\n\t\t\t\t\t<h1 class=\"elementor-heading-title elementor-size-default translation-block\">Sekt\u00f6r\u00fcn\u00fcze \u00d6zel Tasar\u0131m ve M\u00fchendislik \u00c7\u00f6z\u00fcmleri <br>\u0130\u00e7in Bize Ula\u015fabilirsiniz<\/h1>\t\t\t\t<\/div>\n\t\t\t\t<div class=\"elementor-element elementor-element-e31d1a7 elementor-hidden-desktop elementor-hidden-tablet elementor-widget elementor-widget-heading\" data-id=\"e31d1a7\" data-element_type=\"widget\" data-e-type=\"widget\" data-widget_type=\"heading.default\">\n\t\t\t\t\t<h1 class=\"elementor-heading-title elementor-size-default\">Sekt\u00f6r\u00fcn\u00fcze \u00d6zel Tasar\u0131m ve M\u00fchendislik \u00c7\u00f6z\u00fcmleri\n\u0130\u00e7in Bize Ula\u015fabilirsiniz<\/h1>\t\t\t\t<\/div>\n\t\t<div class=\"elementor-element elementor-element-aa70b31 e-con-full e-flex e-con e-child\" data-id=\"aa70b31\" data-element_type=\"container\" data-e-type=\"container\">\n\t\t<a class=\"elementor-element elementor-element-f2dce72 e-con-full e-flex e-con e-child\" data-id=\"f2dce72\" data-element_type=\"container\" data-e-type=\"container\" data-settings=\"{&quot;background_background&quot;:&quot;gradient&quot;}\" href=\"tel:+902167665213\">\n\t\t\t\t<div class=\"elementor-element elementor-element-c7acfcb elementor-widget elementor-widget-heading\" data-id=\"c7acfcb\" data-element_type=\"widget\" data-e-type=\"widget\" data-widget_type=\"heading.default\">\n\t\t\t\t\t<h2 class=\"elementor-heading-title elementor-size-default\">\u0130stanbul Ofis<\/h2>\t\t\t\t<\/div>\n\t\t\t\t<div class=\"elementor-element elementor-element-a15c384 elementor-widget elementor-widget-text-editor\" data-id=\"a15c384\" data-element_type=\"widget\" data-e-type=\"widget\" data-widget_type=\"text-editor.default\">\n\t\t\t\t\t\t\t\t\t<p>Brandium Residence K\u00fc\u00e7\u00fckbakkalk\u00f6y, Dudullu, 23-25, R4-305, Ata\u015fehir<\/p>\t\t\t\t\t\t\t\t<\/div>\n\t\t\t\t<\/a>\n\t\t<a class=\"elementor-element elementor-element-997f889 e-con-full e-flex e-con e-child\" data-id=\"997f889\" data-element_type=\"container\" data-e-type=\"container\" data-settings=\"{&quot;background_background&quot;:&quot;gradient&quot;}\" href=\"tel:+902167665213\">\n\t\t\t\t<div class=\"elementor-element elementor-element-16d16ff elementor-widget elementor-widget-heading\" data-id=\"16d16ff\" data-element_type=\"widget\" data-e-type=\"widget\" data-widget_type=\"heading.default\">\n\t\t\t\t\t<h2 class=\"elementor-heading-title elementor-size-default\">\u0130zmir Ofis<\/h2>\t\t\t\t<\/div>\n\t\t\t\t<div class=\"elementor-element elementor-element-ad074dd elementor-hidden-tablet elementor-hidden-mobile elementor-widget elementor-widget-text-editor\" data-id=\"ad074dd\" data-element_type=\"widget\" data-e-type=\"widget\" data-widget_type=\"text-editor.default\">\n\t\t\t\t\t\t\t\t\t<p>Cumhuriyet Mahallesi 94\/1 Sokak No. 1\/5, Menemen<\/p>\t\t\t\t\t\t\t\t<\/div>\n\t\t\t\t<div class=\"elementor-element elementor-element-fe1ab61 elementor-hidden-desktop elementor-widget elementor-widget-text-editor\" data-id=\"fe1ab61\" data-element_type=\"widget\" data-e-type=\"widget\" data-widget_type=\"text-editor.default\">\n\t\t\t\t\t\t\t\t\t<p>Cumhuriyet Mahallesi 94\/1 Sokak<\/p><p>No. 1\/5, Menemen<\/p>\t\t\t\t\t\t\t\t<\/div>\n\t\t\t\t<\/a>\n\t\t<a class=\"elementor-element elementor-element-a6eceac e-con-full e-flex e-con e-child\" data-id=\"a6eceac\" data-element_type=\"container\" data-e-type=\"container\" data-settings=\"{&quot;background_background&quot;:&quot;gradient&quot;}\" href=\"mailto:info@karmasoft.com.tr\">\n\t\t\t\t<div class=\"elementor-element elementor-element-1beb4c5 elementor-widget elementor-widget-heading\" data-id=\"1beb4c5\" data-element_type=\"widget\" data-e-type=\"widget\" data-widget_type=\"heading.default\">\n\t\t\t\t\t<h2 class=\"elementor-heading-title elementor-size-default\">E-posta<\/h2>\t\t\t\t<\/div>\n\t\t\t\t<div class=\"elementor-element elementor-element-a948583 elementor-widget elementor-widget-text-editor\" data-id=\"a948583\" data-element_type=\"widget\" data-e-type=\"widget\" data-widget_type=\"text-editor.default\">\n\t\t\t\t\t\t\t\t\t<p>info@karmasoft.com.tr<\/p>\t\t\t\t\t\t\t\t<\/div>\n\t\t\t\t<\/a>\n\t\t\t\t<\/div>\n\t\t\t\t<\/div>\n\t\t\t\t\t<\/div>\n\t\t\t\t<\/div>\n\t\t\t\t<\/div>","protected":false},"excerpt":{"rendered":"<p>You Can Contact Us for Custom Tailored Designand Engineering Solutions to Your Industry You Can Contact Us for Custom Tailored Design and Engineering Solutions to Your Industry Istanbul Office Brandium Residence K\u00fc\u00e7\u00fckbakkalk\u00f6y, Dudullu, 23-25, R4-305, Ata\u015fehir Izmir Office Cumhuriyet Mahallesi 94\/1 Sokak No. 1\/5, Menemen Cumhuriyet Mahallesi 94\/1 Sokak No. 1\/5, Menemen Email Us info@karmasoft.com.tr<\/p>","protected":false},"author":1,"featured_media":0,"parent":0,"menu_order":0,"comment_status":"closed","ping_status":"closed","template":"elementor_header_footer","meta":{"footnotes":""},"class_list":["post-82","page","type-page","status-publish","hentry"],"aioseo_notices":[],"_links":{"self":[{"href":"https:\/\/www.karmasoft.com.tr\/tr\/wp-json\/wp\/v2\/pages\/82","targetHints":{"allow":["GET"]}}],"collection":[{"href":"https:\/\/www.karmasoft.com.tr\/tr\/wp-json\/wp\/v2\/pages"}],"about":[{"href":"https:\/\/www.karmasoft.com.tr\/tr\/wp-json\/wp\/v2\/types\/page"}],"author":[{"embeddable":true,"href":"https:\/\/www.karmasoft.com.tr\/tr\/wp-json\/wp\/v2\/users\/1"}],"replies":[{"embeddable":true,"href":"https:\/\/www.karmasoft.com.tr\/tr\/wp-json\/wp\/v2\/comments?post=82"}],"version-history":[{"count":12,"href":"https:\/\/www.karmasoft.com.tr\/tr\/wp-json\/wp\/v2\/pages\/82\/revisions"}],"predecessor-version":[{"id":6918,"href":"https:\/\/www.karmasoft.com.tr\/tr\/wp-json\/wp\/v2\/pages\/82\/revisions\/6918"}],"wp:attachment":[{"href":"https:\/\/www.karmasoft.com.tr\/tr\/wp-json\/wp\/v2\/media?parent=82"}],"curies":[{"name":"wp","href":"https:\/\/api.w.org\/{rel}","templated":true}]}}